{"id":22,"date":"2023-11-24T15:43:40","date_gmt":"2023-11-24T14:43:40","guid":{"rendered":"https:\/\/www.groupearts.com\/V2\/?page_id=22"},"modified":"2025-04-29T13:45:35","modified_gmt":"2025-04-29T11:45:35","slug":"qui-sommes-nous","status":"publish","type":"page","link":"https:\/\/www.groupearts.com\/V2\/qui-sommes-nous\/","title":{"rendered":"Qui sommes nous ?"},"content":{"rendered":"\t\t<div data-elementor-type=\"wp-page\" data-elementor-id=\"22\" class=\"elementor elementor-22\">\n\t\t\t\t<div class=\"elementor-element elementor-element-22826e02 e-flex e-con-boxed e-con e-parent\" data-id=\"22826e02\" data-element_type=\"container\">\n\t\t\t\t\t<div class=\"e-con-inner\">\n\t\t\t\t<div class=\"elementor-element elementor-element-3d747da elementor-widget elementor-widget-text-editor\" data-id=\"3d747da\" data-element_type=\"widget\" data-widget_type=\"text-editor.default\">\n\t\t\t\t<div class=\"elementor-widget-container\">\n\t\t\t\t\t\t\t\t\t<p style=\"text-align: center;\">Le Groupe Art&rsquo;s est une association collective compos\u00e9e d\u2019artistes qui se sp\u00e9cialise dans<br \/>le domaine de l&rsquo;Art et de la culture. N\u00e9anmoins, l\u2019organisation se distingue<br \/>essentiellement par son engagement dans le th\u00e9\u00e2tre et l&rsquo;Art de la rue. \u00c0 travers ses<br \/>projets, le groupe cherche \u00e0 d\u00e9velopper l&rsquo;inclusivit\u00e9 et la diversit\u00e9, tout en sensibilisant<br \/>son public sur l&rsquo;\u00e9cologie et la condition animale.<\/p>\n<p style=\"text-align: center;\"><br \/>Le Groupe Art\u2019s se veut \u00e9galement innovant dans l\u2019organisation de vos \u00e9v\u00e9nements<br \/>audiovisuels et culturels gr\u00e2ce \u00e0 son panel de professionnels. Il rassemble ainsi des<br \/>cr\u00e9ateurs et techniciens de tous secteurs confondus, offrant une synergie de<br \/>comp\u00e9tences au service du monde artistique afin que celles-ci b\u00e9n\u00e9ficient de l\u2019image<br \/>qu\u2019elles m\u00e9ritent.<\/p>\t\t\t\t\t\t\t\t<\/div>\n\t\t\t\t<\/div>\n\t\t\t\t\t<\/div>\n\t\t\t\t<\/div>\n\t\t<div class=\"elementor-element elementor-element-dfc2f8e e-grid e-con-boxed e-con e-parent\" data-id=\"dfc2f8e\" data-element_type=\"container\">\n\t\t\t\t\t<div class=\"e-con-inner\">\n\t\t\t\t<div class=\"elementor-element elementor-element-d99e430 elementor-widget elementor-widget-image\" data-id=\"d99e430\" data-element_type=\"widget\" data-widget_type=\"image.default\">\n\t\t\t\t<div class=\"elementor-widget-container\">\n\t\t\t\t\t\t\t\t\t\t\t\t\t\t\t<img fetchpriority=\"high\" decoding=\"async\" width=\"925\" height=\"436\" src=\"https:\/\/www.groupearts.com\/V2\/wp-content\/uploads\/2024\/01\/Nouveau-projet-1024x483.jpg\" class=\"attachment-large size-large wp-image-1714\" alt=\"\" srcset=\"https:\/\/www.groupearts.com\/V2\/wp-content\/uploads\/2024\/01\/Nouveau-projet-1024x483.jpg 1024w, https:\/\/www.groupearts.com\/V2\/wp-content\/uploads\/2024\/01\/Nouveau-projet-300x141.jpg 300w, https:\/\/www.groupearts.com\/V2\/wp-content\/uploads\/2024\/01\/Nouveau-projet-768x362.jpg 768w, https:\/\/www.groupearts.com\/V2\/wp-content\/uploads\/2024\/01\/Nouveau-projet-1536x724.jpg 1536w, https:\/\/www.groupearts.com\/V2\/wp-content\/uploads\/2024\/01\/Nouveau-projet-127x60.jpg 127w, https:\/\/www.groupearts.com\/V2\/wp-content\/uploads\/2024\/01\/Nouveau-projet.jpg 1612w\" sizes=\"(max-width: 925px) 100vw, 925px\" \/>\t\t\t\t\t\t\t\t\t\t\t\t\t\t\t<\/div>\n\t\t\t\t<\/div>\n\t\t\t\t\t<\/div>\n\t\t\t\t<\/div>\n\t\t\t\t<\/div>\n\t\t","protected":false},"excerpt":{"rendered":"<p>Le Groupe Art&rsquo;s est une association collective compos\u00e9e d\u2019artistes qui se sp\u00e9cialise dansle domaine de l&rsquo;Art et de la culture. N\u00e9anmoins, l\u2019organisation se distingueessentiellement par son engagement dans le th\u00e9\u00e2tre et l&rsquo;Art de la rue. \u00c0 travers sesprojets, le groupe cherche \u00e0 d\u00e9velopper l&rsquo;inclusivit\u00e9 et la diversit\u00e9, tout en sensibilisantson public sur l&rsquo;\u00e9cologie et la &hellip; <\/p>\n","protected":false},"author":1,"featured_media":0,"parent":0,"menu_order":0,"comment_status":"closed","ping_status":"closed","template":"","meta":{"saved_in_kubio":false,"footnotes":""},"class_list":["post-22","page","type-page","status-publish","hentry"],"kubio_ai_page_context":{"short_desc":"","purpose":"general"},"_links":{"self":[{"href":"https:\/\/www.groupearts.com\/V2\/wp-json\/wp\/v2\/pages\/22","targetHints":{"allow":["GET"]}}],"collection":[{"href":"https:\/\/www.groupearts.com\/V2\/wp-json\/wp\/v2\/pages"}],"about":[{"href":"https:\/\/www.groupearts.com\/V2\/wp-json\/wp\/v2\/types\/page"}],"author":[{"embeddable":true,"href":"https:\/\/www.groupearts.com\/V2\/wp-json\/wp\/v2\/users\/1"}],"replies":[{"embeddable":true,"href":"https:\/\/www.groupearts.com\/V2\/wp-json\/wp\/v2\/comments?post=22"}],"version-history":[{"count":7,"href":"https:\/\/www.groupearts.com\/V2\/wp-json\/wp\/v2\/pages\/22\/revisions"}],"predecessor-version":[{"id":2056,"href":"https:\/\/www.groupearts.com\/V2\/wp-json\/wp\/v2\/pages\/22\/revisions\/2056"}],"wp:attachment":[{"href":"https:\/\/www.groupearts.com\/V2\/wp-json\/wp\/v2\/media?parent=22"}],"curies":[{"name":"wp","href":"https:\/\/api.w.org\/{rel}","templated":true}]}}